{"id":7532,"date":"2016-01-29T08:01:41","date_gmt":"2016-01-29T08:01:41","guid":{"rendered":"http:\/\/folicplus.rs\/es\/why-folicplus-capsules-folic-acid\/"},"modified":"2016-02-08T10:50:08","modified_gmt":"2016-02-08T10:50:08","slug":"por-que-folicplus-capsulas","status":"publish","type":"page","link":"https:\/\/folicplus.rs\/es\/por-que-folicplus-capsulas\/","title":{"rendered":"\u00bfPor qu\u00e9 FolicPlus c\u00e1psulas?"},"content":{"rendered":"<p>[vc_row css=\u00bb.vc_custom_1453121784173{margin-top: 0px !important;margin-bottom: 0px !important;border-top-width: 0px !important;border-bottom-width: 0px !important;padding-top: 0px !important;padding-bottom: 0px !important;}\u00bb][vc_column][vc_row_inner css=\u00bb.vc_custom_1453120765159{margin-top: 0px !important;border-top-width: 0px !important;padding-top: 0px !important;}\u00bb][vc_column_inner width=\u00bb3\/4&#8243;][vc_column_text h1_css=\u00bb{.vc_customizer_1454794591758}\u00bb h2_css=\u00bb{.vc_customizer_1454794591758}\u00bb h3_css=\u00bb{.vc_customizer_1454794591762}\u00bb h4_css=\u00bb{.vc_customizer_1454794591762}\u00bb h5_css=\u00bb{.vc_customizer_1454794591762}\u00bb h6_css=\u00bb{.vc_customizer_1454794591762}\u00bb p_css=\u00bb{.vc_customizer_1454794591762}\u00bb link_css=\u00bb{.vc_customizer_1454794591762}\u00bb list_css=\u00bb{.vc_customizer_1454794591762}\u00bb]<strong>Hay muchos efectos secundarios que pueden surgir<\/strong> debido a la falta de \u00e1cido f\u00f3lico durante el embarazo. Para toda mujer que est\u00e1 tratando de quedar embarazada, la idea de la espina b\u00edfida o el labio leporino es una motivaci\u00f3n suficiente para tomar \u00e1cido f\u00f3lico todos los d\u00edas<\/p>\n<p>Sin embargo, nuestro cuerpo no puede utilizar el \u00e1cido f\u00f3lico sint\u00e9tico introducido. Necesita ser convertido, a trav\u00e9s de un proceso de 4 pasos, en una forma activa que nuestro cuerpo pueda utilizar. Esta forma activa se llama 5-metiltetrahidrofolato (5MTHF)[\/vc_column_text][ivan_info_box ico_family=\u00bbel el-\u00bb main_css=\u00bb{.vc_customizer_1454794791050}background-color:#0b9444;background-color-hover:#22b35f;padding-top:15px;padding-bottom:15px;padding-left:15px;padding-right:15px;\u00bb icon_css=\u00bb{.vc_customizer_1454794791050}border-style:none;\u00bb title_css=\u00bb{.vc_customizer_1454794791050}\u00bb content_css=\u00bb{.vc_customizer_1454794791050}\u00bb ico=\u00bb\ue0f0\u00bb]<\/p>\n<p style=\"text-align: center;\">Estudios han demostrado que una de cada dos mujeres\u00a0debido a la gen\u00e9tica, no son\u00a0capaces de utilizar plenamente el \u00e1cido f\u00f3lico y transformarlo en su forma activa.<\/p>\n<p>[\/ivan_info_box][\/vc_column_inner][vc_column_inner width=\u00bb1\/4&#8243;][vc_single_image image=\u00bb7612&#8243; img_size=\u00bbfull\u00bb css_animation=\u00bbtop-to-bottom\u00bb][\/vc_column_inner][\/vc_row_inner][\/vc_column][\/vc_row][vc_row css=\u00bb.vc_custom_1453121794989{margin-top: 0px !important;margin-bottom: 0px !important;border-top-width: 0px !important;border-bottom-width: 0px !important;padding-top: 0px !important;padding-bottom: 0px !important;}\u00bb][vc_column][vc_row_inner css=\u00bb.vc_custom_1453125111896{margin-top: 0px !important;margin-bottom: 0px !important;border-top-width: 0px !important;border-bottom-width: 0px !important;padding-top: 0px !important;padding-bottom: 0px !important;}\u00bb][vc_column_inner][vc_column_text h1_css=\u00bb{.vc_customizer_1454921993064}\u00bb h2_css=\u00bb{.vc_customizer_1454921993065}\u00bb h3_css=\u00bb{.vc_customizer_1454921993066}\u00bb h4_css=\u00bb{.vc_customizer_1454921993066}\u00bb h5_css=\u00bb{.vc_customizer_1454921993067}\u00bb h6_css=\u00bb{.vc_customizer_1454921993068}\u00bb p_css=\u00bb{.vc_customizer_1454921993068}\u00bb link_css=\u00bb{.vc_customizer_1454921993068}\u00bb list_css=\u00bb{.vc_customizer_1454921993069}\u00bb]<\/p>\n<h1 style=\"text-align: center;\">FolicPlus<sup>\u00ae<\/sup> &#8211; Folato Activo de nueva generaci\u00f3n<\/h1>\n<h3 style=\"text-align: center;\">FolicPlus<sup>\u00ae<\/sup>\u00a0e<strong>s una f\u00f3rmula que contiene 400 \u00b5g \u00a0de folato activo y es recomendado para el cuidado prenatal, durante el embarazo y depu\u00e9s del parto<\/strong><\/h3>\n<p>[\/vc_column_text][\/vc_column_inner][\/vc_row_inner][vc_row_inner css=\u00bb.vc_custom_1453125369005{margin-top: 0px !important;margin-bottom: 0px !important;border-top-width: 0px !important;border-bottom-width: 0px !important;padding-top: 15px !important;padding-bottom: 0px !important;}\u00bb][vc_column_inner][vc_column_text h1_css=\u00bb{.vc_customizer_1454922087708}\u00bb h2_css=\u00bb{.vc_customizer_1454922087709}\u00bb h3_css=\u00bb{.vc_customizer_1454922087710}\u00bb h4_css=\u00bb{.vc_customizer_1454922087710}\u00bb h5_css=\u00bb{.vc_customizer_1454922087711}\u00bb h6_css=\u00bb{.vc_customizer_1454922087712}\u00bb p_css=\u00bb{.vc_customizer_1454922087712}\u00bb link_css=\u00bb{.vc_customizer_1454922087713}\u00bb list_css=\u00bb{.vc_customizer_1454922087713}\u00bb]<\/p>\n<p style=\"text-align: center;\">Considerando que\u00a0FolicPlus<sup>\u00ae<\/sup> contiene\u00a0<strong>folato activo (5 MTHF)<\/strong>, todas las mujeres, independientemente de su composici\u00f3n gen\u00e9tica, pueden usarlo inmediatamente.<\/p>\n<p style=\"text-align: center;\"><strong>FolicPlus<sup>\u00ae<\/sup> contiene folato activo de nueva\u00a0generaci\u00f3n que tiene <\/strong><strong><span style=\"color: #0b9444; font-size: larger;\">7 veces\u00a0mayor biodisponibilidad\u00a0<\/span><strong>en comparaci\u00f3n con el \u00e1cido f\u00f3lico regular<\/strong>.<\/strong><\/p>\n<p>[\/vc_column_text][vc_single_image image=\u00bb7603&#8243; img_size=\u00bbfull\u00bb alignment=\u00bbcenter\u00bb onclick=\u00bblink_image\u00bb css_animation=\u00bbappear\u00bb][\/vc_column_inner][\/vc_row_inner][\/vc_column][\/vc_row][vc_row row_width_style=\u00bbfull_width\u00bb row_bg_color=\u00bbrgba(11,148,68,0.14)\u00bb][vc_column][vc_column_text h1_css=\u00bb{.vc_customizer_1454847208140}\u00bb h2_css=\u00bb{.vc_customizer_1454847208141}\u00bb h3_css=\u00bb{.vc_customizer_1454847208142}\u00bb h4_css=\u00bb{.vc_customizer_1454847208142}\u00bb h5_css=\u00bb{.vc_customizer_1454847208143}\u00bb h6_css=\u00bb{.vc_customizer_1454847208143}\u00bb p_css=\u00bb{.vc_customizer_1454847208144}\u00bb link_css=\u00bb{.vc_customizer_1454847208145}\u00bb list_css=\u00bb{.vc_customizer_1454847208145}\u00bb]<\/p>\n<p style=\"text-align: justify;\">El folato activo de FolicPlus\u00ae ha demostrado reducir el nivel de homociste\u00edna, un amino\u00e1cido que est\u00e1 asociado con enfermedades cardiovasculares, y lo m\u00e1s importante, con las complicaciones en el embarazo. Estas complicaciones pueden incluir:<\/p>\n<ul>\n<li style=\"text-align: justify;\">Preeclampsia,<\/li>\n<li style=\"text-align: justify;\">Bajo peso al nacer,<\/li>\n<li style=\"text-align: justify;\">Aborto espont\u00e1neo,<\/li>\n<li style=\"text-align: justify;\">Abortos repetidos,<\/li>\n<li style=\"text-align: justify;\">Desgarro de la placenta.<\/li>\n<\/ul>\n<p>[\/vc_column_text][\/vc_column][\/vc_row][vc_row][vc_column width=\u00bb1\/3&#8243;][vc_single_image image=\u00bb7615&#8243; img_size=\u00bbfull\u00bb][\/vc_column][vc_column width=\u00bb2\/3&#8243;][vc_column_text h1_css=\u00bb{.vc_customizer_1454792564216}\u00bb h2_css=\u00bb{.vc_customizer_1454792564216}\u00bb h3_css=\u00bb{.vc_customizer_1454792564220}\u00bb h4_css=\u00bb{.vc_customizer_1454792564220}\u00bb h5_css=\u00bb{.vc_customizer_1454792564220}\u00bb h6_css=\u00bb{.vc_customizer_1454792564220}\u00bb p_css=\u00bb{.vc_customizer_1454792564220}\u00bb link_css=\u00bb{.vc_customizer_1454792564220}\u00bb list_css=\u00bb{.vc_customizer_1454792564224}font-size:22px;\u00bb]<\/p>\n<ul class=\"check\">\n<li><em>Proporciona la <strong>forma activa de los folatos<\/strong>, inmediatamente disponible para la acci\u00f3n biol\u00f3gica.<\/em><\/li>\n<li><em>Tiene <strong>7x\u00a0mayor biodisponibilidad<\/strong> que el \u00e1cido f\u00f3lico regular.<\/em><\/li>\n<li><strong><em>Numerosos estudios precl\u00ednicos y cl\u00ednicos <\/em><\/strong><em>han demostrado su perfil de seguridad.<\/em><\/li>\n<li><em>FolicPlus<sup>\u00ae <\/sup>se produce de acuerdo con las <strong>normas GMP (garant\u00eda de calidad<\/strong><strong>).<\/strong><\/em><\/li>\n<li><em>FolicPlus<sup>\u00ae <\/sup>es un producto\u00a0<strong>libre de gluten<\/strong>.<\/em><\/li>\n<li><strong><em>En una c\u00e1psula de origen vegetal.<\/em><\/strong><\/li>\n<\/ul>\n<p>[\/vc_column_text][\/vc_column][\/vc_row]<\/p>\n","protected":false},"excerpt":{"rendered":"<p>[vc_row css=\u00bb.vc_custom_1453121784173{margin-top: 0px !important;margin-bottom: 0px !important;border-top-width: 0px !important;border-bottom-width: 0px !important;padding-top: 0px !important;padding-bottom: 0px !important;}\u00bb][vc_column][vc_row_inner css=\u00bb.vc_custom_1453120765159{margin-top: 0px !important;border-top-width: 0px !important;padding-top: 0px !important;}\u00bb][vc_column_inner width=\u00bb3\/4&#8243;][vc_column_text h1_css=\u00bb{.vc_customizer_1454794591758}\u00bb h2_css=\u00bb{.vc_customizer_1454794591758}\u00bb h3_css=\u00bb{.vc_customizer_1454794591762}\u00bb h4_css=\u00bb{.vc_customizer_1454794591762}\u00bb h5_css=\u00bb{.vc_customizer_1454794591762}\u00bb h6_css=\u00bb{.vc_customizer_1454794591762}\u00bb p_css=\u00bb{.vc_customizer_1454794591762}\u00bb link_css=\u00bb{.vc_customizer_1454794591762}\u00bb list_css=\u00bb{.vc_customizer_1454794591762}\u00bb]Hay muchos efectos secundarios que pueden surgir debido a la falta de \u00e1cido f\u00f3lico durante el embarazo. Para toda mujer que est\u00e1 tratando de quedar<\/p>\n","protected":false},"author":3,"featured_media":0,"parent":0,"menu_order":0,"comment_status":"closed","ping_status":"closed","template":"","meta":[],"yoast_head":"<!-- This site is optimized with the Yoast SEO plugin v19.9 - https:\/\/yoast.com\/wordpress\/plugins\/seo\/ -->\n<title>\u00bfPor qu\u00e9 usar el nuevo FolicPlus c\u00e1psulas?<\/title>\n<meta name=\"description\" content=\"Es importante que toda mujer que quiera quedar embarazada tome \u00e1cido f\u00f3lico en forma de FolicPlus c\u00e1psulas para tener un beb\u00e9 saludable.\" \/>\n<meta name=\"robots\" content=\"index, follow, max-snippet:-1, max-image-preview:large, max-video-preview:-1\" \/>\n<link rel=\"canonical\" href=\"https:\/\/folicplus.rs\/es\/por-que-folicplus-capsulas\/\" \/>\n<meta property=\"og:locale\" content=\"es_ES\" \/>\n<meta property=\"og:type\" content=\"article\" \/>\n<meta property=\"og:title\" content=\"\u00bfPor qu\u00e9 usar el nuevo FolicPlus c\u00e1psulas?\" \/>\n<meta property=\"og:description\" content=\"Es importante que toda mujer que quiera quedar embarazada tome \u00e1cido f\u00f3lico en forma de FolicPlus c\u00e1psulas para tener un beb\u00e9 saludable.\" \/>\n<meta property=\"og:url\" content=\"https:\/\/folicplus.rs\/es\/por-que-folicplus-capsulas\/\" \/>\n<meta property=\"og:site_name\" content=\"Folicplus+\" \/>\n<meta property=\"article:modified_time\" content=\"2016-02-08T10:50:08+00:00\" \/>\n<meta name=\"twitter:card\" content=\"summary_large_image\" \/>\n<meta name=\"twitter:label1\" content=\"Tiempo de lectura\" \/>\n\t<meta name=\"twitter:data1\" content=\"4 minutos\" \/>\n<script type=\"application\/ld+json\" class=\"yoast-schema-graph\">{\"@context\":\"https:\/\/schema.org\",\"@graph\":[{\"@type\":\"WebPage\",\"@id\":\"https:\/\/folicplus.rs\/es\/por-que-folicplus-capsulas\/\",\"url\":\"https:\/\/folicplus.rs\/es\/por-que-folicplus-capsulas\/\",\"name\":\"\u00bfPor qu\u00e9 usar el nuevo FolicPlus c\u00e1psulas?\",\"isPartOf\":{\"@id\":\"https:\/\/folicplus.rs\/#website\"},\"datePublished\":\"2016-01-29T08:01:41+00:00\",\"dateModified\":\"2016-02-08T10:50:08+00:00\",\"description\":\"Es importante que toda mujer que quiera quedar embarazada tome \u00e1cido f\u00f3lico en forma de FolicPlus c\u00e1psulas para tener un beb\u00e9 saludable.\",\"breadcrumb\":{\"@id\":\"https:\/\/folicplus.rs\/es\/por-que-folicplus-capsulas\/#breadcrumb\"},\"inLanguage\":\"es\",\"potentialAction\":[{\"@type\":\"ReadAction\",\"target\":[\"https:\/\/folicplus.rs\/es\/por-que-folicplus-capsulas\/\"]}]},{\"@type\":\"BreadcrumbList\",\"@id\":\"https:\/\/folicplus.rs\/es\/por-que-folicplus-capsulas\/#breadcrumb\",\"itemListElement\":[{\"@type\":\"ListItem\",\"position\":1,\"name\":\"Home\",\"item\":\"https:\/\/folicplus.rs\/es\/\"},{\"@type\":\"ListItem\",\"position\":2,\"name\":\"\u00bfPor qu\u00e9 FolicPlus c\u00e1psulas?\"}]},{\"@type\":\"WebSite\",\"@id\":\"https:\/\/folicplus.rs\/#website\",\"url\":\"https:\/\/folicplus.rs\/\",\"name\":\"Folicplus+\",\"description\":\"Aktivni folat\",\"potentialAction\":[{\"@type\":\"SearchAction\",\"target\":{\"@type\":\"EntryPoint\",\"urlTemplate\":\"https:\/\/folicplus.rs\/?s={search_term_string}\"},\"query-input\":\"required name=search_term_string\"}],\"inLanguage\":\"es\"}]}<\/script>\n<!-- \/ Yoast SEO plugin. -->","yoast_head_json":{"title":"\u00bfPor qu\u00e9 usar el nuevo FolicPlus c\u00e1psulas?","description":"Es importante que toda mujer que quiera quedar embarazada tome \u00e1cido f\u00f3lico en forma de FolicPlus c\u00e1psulas para tener un beb\u00e9 saludable.","robots":{"index":"index","follow":"follow","max-snippet":"max-snippet:-1","max-image-preview":"max-image-preview:large","max-video-preview":"max-video-preview:-1"},"canonical":"https:\/\/folicplus.rs\/es\/por-que-folicplus-capsulas\/","og_locale":"es_ES","og_type":"article","og_title":"\u00bfPor qu\u00e9 usar el nuevo FolicPlus c\u00e1psulas?","og_description":"Es importante que toda mujer que quiera quedar embarazada tome \u00e1cido f\u00f3lico en forma de FolicPlus c\u00e1psulas para tener un beb\u00e9 saludable.","og_url":"https:\/\/folicplus.rs\/es\/por-que-folicplus-capsulas\/","og_site_name":"Folicplus+","article_modified_time":"2016-02-08T10:50:08+00:00","twitter_card":"summary_large_image","twitter_misc":{"Tiempo de lectura":"4 minutos"},"schema":{"@context":"https:\/\/schema.org","@graph":[{"@type":"WebPage","@id":"https:\/\/folicplus.rs\/es\/por-que-folicplus-capsulas\/","url":"https:\/\/folicplus.rs\/es\/por-que-folicplus-capsulas\/","name":"\u00bfPor qu\u00e9 usar el nuevo FolicPlus c\u00e1psulas?","isPartOf":{"@id":"https:\/\/folicplus.rs\/#website"},"datePublished":"2016-01-29T08:01:41+00:00","dateModified":"2016-02-08T10:50:08+00:00","description":"Es importante que toda mujer que quiera quedar embarazada tome \u00e1cido f\u00f3lico en forma de FolicPlus c\u00e1psulas para tener un beb\u00e9 saludable.","breadcrumb":{"@id":"https:\/\/folicplus.rs\/es\/por-que-folicplus-capsulas\/#breadcrumb"},"inLanguage":"es","potentialAction":[{"@type":"ReadAction","target":["https:\/\/folicplus.rs\/es\/por-que-folicplus-capsulas\/"]}]},{"@type":"BreadcrumbList","@id":"https:\/\/folicplus.rs\/es\/por-que-folicplus-capsulas\/#breadcrumb","itemListElement":[{"@type":"ListItem","position":1,"name":"Home","item":"https:\/\/folicplus.rs\/es\/"},{"@type":"ListItem","position":2,"name":"\u00bfPor qu\u00e9 FolicPlus c\u00e1psulas?"}]},{"@type":"WebSite","@id":"https:\/\/folicplus.rs\/#website","url":"https:\/\/folicplus.rs\/","name":"Folicplus+","description":"Aktivni folat","potentialAction":[{"@type":"SearchAction","target":{"@type":"EntryPoint","urlTemplate":"https:\/\/folicplus.rs\/?s={search_term_string}"},"query-input":"required name=search_term_string"}],"inLanguage":"es"}]}},"_links":{"self":[{"href":"https:\/\/folicplus.rs\/es\/wp-json\/wp\/v2\/pages\/7532"}],"collection":[{"href":"https:\/\/folicplus.rs\/es\/wp-json\/wp\/v2\/pages"}],"about":[{"href":"https:\/\/folicplus.rs\/es\/wp-json\/wp\/v2\/types\/page"}],"author":[{"embeddable":true,"href":"https:\/\/folicplus.rs\/es\/wp-json\/wp\/v2\/users\/3"}],"replies":[{"embeddable":true,"href":"https:\/\/folicplus.rs\/es\/wp-json\/wp\/v2\/comments?post=7532"}],"version-history":[{"count":13,"href":"https:\/\/folicplus.rs\/es\/wp-json\/wp\/v2\/pages\/7532\/revisions"}],"predecessor-version":[{"id":7618,"href":"https:\/\/folicplus.rs\/es\/wp-json\/wp\/v2\/pages\/7532\/revisions\/7618"}],"wp:attachment":[{"href":"https:\/\/folicplus.rs\/es\/wp-json\/wp\/v2\/media?parent=7532"}],"curies":[{"name":"wp","href":"https:\/\/api.w.org\/{rel}","templated":true}]}}