{"id":7540,"date":"2016-01-29T09:06:48","date_gmt":"2016-01-29T09:06:48","guid":{"rendered":"http:\/\/folicplus.rs\/es\/folates-important-for-pregnancy\/"},"modified":"2016-02-08T10:24:38","modified_gmt":"2016-02-08T10:24:38","slug":"por-que-son-importantes-los-folatos-para-el-embarazo","status":"publish","type":"page","link":"https:\/\/folicplus.rs\/es\/por-que-son-importantes-los-folatos-para-el-embarazo\/","title":{"rendered":"\u00bfPor qu\u00e9 son importantes los Folatos para el embarazo?"},"content":{"rendered":"<p>[vc_row css=\u00bb.vc_custom_1453130030860{margin-top: 0px !important;margin-bottom: 0px !important;border-top-width: 0px !important;border-bottom-width: 0px !important;padding-top: 0px !important;padding-bottom: 0px !important;}\u00bb][vc_column width=\u00bb2\/3&#8243;][vc_column_text h1_css=\u00bb{.vc_customizer_1454058449642}\u00bb h2_css=\u00bb{.vc_customizer_1454058449645}\u00bb h3_css=\u00bb{.vc_customizer_1454058449647}\u00bb h4_css=\u00bb{.vc_customizer_1454058449648}\u00bb h5_css=\u00bb{.vc_customizer_1454058449649}\u00bb h6_css=\u00bb{.vc_customizer_1454058449650}\u00bb p_css=\u00bb{.vc_customizer_1454058449651}\u00bb link_css=\u00bb{.vc_customizer_1454058449652}\u00bb list_css=\u00bb{.vc_customizer_1454058449652}\u00bb]<\/p>\n<h1 style=\"font-size: 38px;\">\u00bfPor qu\u00e9 son necesarios los Folatos duarnte el embarazo?<\/h1>\n<p>[\/vc_column_text][vc_column_text h1_css=\u00bb{.vc_customizer_1454059868267}\u00bb h2_css=\u00bb{.vc_customizer_1454059868268}\u00bb h3_css=\u00bb{.vc_customizer_1454059868269}\u00bb h4_css=\u00bb{.vc_customizer_1454059868270}\u00bb h5_css=\u00bb{.vc_customizer_1454059868271}\u00bb h6_css=\u00bb{.vc_customizer_1454059868271}\u00bb p_css=\u00bb{.vc_customizer_1454059868272}\u00bb link_css=\u00bb{.vc_customizer_1454059868272}\u00bb list_css=\u00bb{.vc_customizer_1454059868273}font-family:25 px;font-size:25px;\u00bb]<\/p>\n<ul class=\"check\" style=\"font-size: 25px;\">\n<li>Ayudan a prevenir el paladar hendido<\/li>\n<li>Fomentan el desarrollo adecuado del cerebro y del cr\u00e1neo<\/li>\n<li>Reducen el riesgo de defectos del tubo neural en un 80% (espina b\u00edfida)<\/li>\n<li>Son importantes para la producci\u00f3n de c\u00e9lulas rojas de la sangre<\/li>\n<li>Apoyan los niveles saludables de homociste\u00edna<\/li>\n<li>Apoyan el desarrollo adecuado de las c\u00e9lulas<\/li>\n<li>Apoyan el desarrollo de los huesos<\/li>\n<li>Ayudan a prevenir la depresi\u00f3n<\/li>\n<li>Ayudan en la producci\u00f3n de ADN y neurotransmisores<\/li>\n<\/ul>\n<p>[\/vc_column_text][\/vc_column][vc_column width=\u00bb1\/3&#8243;][vc_single_image image=\u00bb7620&#8243; img_size=\u00bbfull\u00bb alignment=\u00bbright\u00bb css_animation=\u00bbright-to-left\u00bb][\/vc_column][\/vc_row][vc_row full_width=\u00bbstretch_row\u00bb row_width_style=\u00bbfull_width\u00bb row_bg_image=\u00bb6819&#8243; row_bg_position=\u00bbright center\u00bb row_bg_size=\u00bbcover\u00bb][vc_column width=\u00bb2\/3&#8243;][vc_custom_heading text=\u00bbLos folatos (por lo general, pero incorrectamente conocidos como \u00e1cido f\u00f3lico) son las vitaminas que para la mayor\u00eda de las mujeres son esenciales durante el embarazo.\u00bb font_container=\u00bbtag:h2|font_size:28|text_align:left\u00bb google_fonts=\u00bbfont_family:Ubuntu%3A300%2C300italic%2Cregular%2Citalic%2C500%2C500italic%2C700%2C700italic|font_style:400%20regular%3A400%3Anormal\u00bb][\/vc_column][vc_column width=\u00bb1\/3&#8243;][\/vc_column][\/vc_row][vc_row][vc_column][vc_column_text h1_css=\u00bb{.vc_customizer_1454061864773}\u00bb h2_css=\u00bb{.vc_customizer_1454061864774}\u00bb h3_css=\u00bb{.vc_customizer_1454061864774}\u00bb h4_css=\u00bb{.vc_customizer_1454061864775}\u00bb h5_css=\u00bb{.vc_customizer_1454061864776}\u00bb h6_css=\u00bb{.vc_customizer_1454061864776}\u00bb p_css=\u00bb{.vc_customizer_1454061864777}\u00bb link_css=\u00bb{.vc_customizer_1454061864777}\u00bb list_css=\u00bb{.vc_customizer_1454061864778}\u00bb]Los folatos son necesarios para la producci\u00f3n de nuevo ADN, as\u00ed como para el desarrollo de nuevas c\u00e9lulas. A medida que el beb\u00e9 crece en el abdomen, sucede una divisi\u00f3n celular constante que requiere una producci\u00f3n continua de nuevas c\u00e9lulas. Los folatos tambi\u00e9n afectan a la sana formaci\u00f3n del tubo neural, el peso adecuado y el desarrollo de la cara y el coraz\u00f3n del ni\u00f1o.<\/p>\n<p>Se ha demostrado que tomar suplementos con \u00e1cido f\u00f3lico reducen el riesgo de desarrollar espina b\u00edfida y otras malformaciones del tubo neural. Las primeras etapas del embarazo son cruciales, por lo tanto se recomienda la toma de suplementos para todas las mujeres que planean un embarazo.<\/p>\n<p>Esto explica por qu\u00e9 la ingesta diaria recomendada de \u00e1cido f\u00f3lico durante este per\u00edodo es de 400 mg diario, mientras que algunos consideran una dosis m\u00e1s alta. Sin embargo, la ingesta diaria recomendada durante la gestaci\u00f3n se eval\u00faa en relaci\u00f3n con los valores necesarios para ser tomado con el fin de prevenir defectos cong\u00e9nitos, pero no para promover la buena salud. Estas recomendaciones tambi\u00e9n asumen que s\u00f3lo el 50% de la dosis consumida ser\u00e1 absorbida.<\/p>\n<p>Se recomienda la ingesta de \u00e1cido f\u00f3lico adicional por lo menos durante las primeras 12 semanas del embarazo, incluso si la madre est\u00e1 saludable y bien nutrida. Lo mejor es empezar a tomar \u00e1cido f\u00f3lico antes de quedar embarazada. Si el embarazo no fue planeado, lo recomendado es empezar a tomar \u00e1cido f\u00f3lico tan pronto como sepa que est\u00e1 embarazada. Adem\u00e1s de tomar un suplemento con \u00e1cido f\u00f3lico, aseg\u00farese de comer lo m\u00e1s sano posible, y tomar otros alimentos ricos en folatos tales como: espinacas, br\u00f3coli, papas e h\u00edgado.<\/p>\n<p>Por lo tanto, todos sabemos que:<\/p>\n<ul class=\"asterisk circle\">\n<li>Los Folatos desempe\u00f1an un papel importante durante el embarazo, y que<\/li>\n<li>Muchas mujeres no reciben\u00a0suficientes folatos de su dieta<\/li>\n<\/ul>\n<div class=\"shortcode_note highlight\">De acuerdo con este razonamiento, tiene sentido que todas las mujeres embarazadas tomen suplementos de \u00e1cido f\u00f3lico, \u00bfverdad? No saque conclusiones tan r\u00e1pido.<\/div>\n<p>[\/vc_column_text][vc_row_inner css=\u00bb.vc_custom_1453133771694{margin-top: 0px !important;margin-bottom: 0px !important;border-top-width: 0px !important;border-bottom-width: 0px !important;padding-top: 0px !important;padding-bottom: 0px !important;}\u00bb][vc_column_inner width=\u00bb1\/4&#8243;][vc_column_text h1_css=\u00bb{.vc_customizer_1454061914558}\u00bb h2_css=\u00bb{.vc_customizer_1454061914559}\u00bb h3_css=\u00bb{.vc_customizer_1454061914560}\u00bb h4_css=\u00bb{.vc_customizer_1454061914562}\u00bb h5_css=\u00bb{.vc_customizer_1454061914563}\u00bb h6_css=\u00bb{.vc_customizer_1454061914564}\u00bb p_css=\u00bb{.vc_customizer_1454061914564}\u00bb link_css=\u00bb{.vc_customizer_1454061914565}\u00bb list_css=\u00bb{.vc_customizer_1454061914565}\u00bb]<\/p>\n<h1 style=\"font-size: 20px;\">El \u00c1cido F\u00f3lico no es lo<br \/>\nmismo que los Folatos<\/h1>\n<p>[\/vc_column_text][vc_single_image image=\u00bb7579&#8243; img_size=\u00bb300&#215;240&#8243; onclick=\u00bblink_image\u00bb css_animation=\u00bbtop-to-bottom\u00bb][vc_single_image image=\u00bb6839&#8243; img_size=\u00bbfull\u00bb css_animation=\u00bbleft-to-right\u00bb][\/vc_column_inner][vc_column_inner width=\u00bb3\/4&#8243;][vc_column_text h1_css=\u00bb{.vc_customizer_1454062204684}\u00bb h2_css=\u00bb{.vc_customizer_1454062204685}\u00bb h3_css=\u00bb{.vc_customizer_1454062204685}\u00bb h4_css=\u00bb{.vc_customizer_1454062204686}\u00bb h5_css=\u00bb{.vc_customizer_1454062204687}\u00bb h6_css=\u00bb{.vc_customizer_1454062204687}\u00bb p_css=\u00bb{.vc_customizer_1454062204688}\u00bb link_css=\u00bb{.vc_customizer_1454062204688}\u00bb list_css=\u00bb{.vc_customizer_1454062204689}\u00bb]El \u00e1cido f\u00f3lico es un producto sint\u00e9tico que se encuentra en los alimentos y en el cuerpo humano. Para poder ser utilizado, necesita ser metabolizado en el interior del cuerpo (transform\u00e1ndose en su forma activa). Sin embargo, estudios han demostrado que el 50% de las personas no son capaces de aprovechar al m\u00e1ximo el \u00e1cido f\u00f3lico.<\/p>\n<p>Los folatos est\u00e1n disponibles a trav\u00e9s de los alimentos, pero la mejor fuente de folatos son el h\u00edgado, las legumbres y verduras de hojas oscuras como la col rizada y acelgas. Sin embargo, incluso cuando se consumen regularmente estos alimentos, puede ser que las mujeres embarazadas no reciban la cantidad necesaria folatos. Por lo tanto, se recomiendan los suplementos.<\/p>\n<p>Desafortunadamente, la mayor\u00eda de los complejos multivitam\u00ednicos prenatales contienen \u00e1cido f\u00f3lico en lugar de folatos naturales.<\/p>\n<p><strong><em>FolicPlus<sup>\u00ae<\/sup> proporciona folatos en su forma activa por lo que puede ser muy \u00fatil antes de la concepci\u00f3n de un ni\u00f1o, as\u00ed como durante el embarazo y lactancia.<\/em><\/strong><\/p>\n<ul class=\"check\">\n<li><em>Proporciona la <strong>forma activa de los folatos<\/strong>, inmediatamente disponible para la acci\u00f3n biol\u00f3gica<\/em><\/li>\n<li><em>Tiene <strong>7 veces mayor biodisponibilidad<\/strong> que el \u00e1cido f\u00f3lico regular<\/em><\/li>\n<li><strong><em>Numerosos estudios precl\u00ednicos y cl\u00ednicos <\/em><\/strong><em>han demostrado su perfil de seguridad<\/em><\/li>\n<li><em>FolicPlus<sup>\u00ae <\/sup>se produce de acuerdo con las <strong>normas GMP (garant\u00eda de calidad<\/strong><strong>)<\/strong><\/em><\/li>\n<li><em>FolicPlus<sup>\u00ae <\/sup>es un producto\u00a0<strong>libre de gluten<\/strong><\/em><\/li>\n<li><strong><em>En una c\u00e1psula de origen vegetal<\/em><\/strong><\/li>\n<\/ul>\n<p><strong><em>\u00a0<\/em><\/strong>[\/vc_column_text][\/vc_column_inner][\/vc_row_inner][\/vc_column][\/vc_row]<\/p>\n","protected":false},"excerpt":{"rendered":"<p>[vc_row css=\u00bb.vc_custom_1453130030860{margin-top: 0px !important;margin-bottom: 0px !important;border-top-width: 0px !important;border-bottom-width: 0px !important;padding-top: 0px !important;padding-bottom: 0px !important;}\u00bb][vc_column width=\u00bb2\/3&#8243;][vc_column_text h1_css=\u00bb{.vc_customizer_1454058449642}\u00bb h2_css=\u00bb{.vc_customizer_1454058449645}\u00bb h3_css=\u00bb{.vc_customizer_1454058449647}\u00bb h4_css=\u00bb{.vc_customizer_1454058449648}\u00bb h5_css=\u00bb{.vc_customizer_1454058449649}\u00bb h6_css=\u00bb{.vc_customizer_1454058449650}\u00bb p_css=\u00bb{.vc_customizer_1454058449651}\u00bb link_css=\u00bb{.vc_customizer_1454058449652}\u00bb list_css=\u00bb{.vc_customizer_1454058449652}\u00bb] \u00bfPor qu\u00e9 son necesarios los Folatos duarnte el embarazo? [\/vc_column_text][vc_column_text h1_css=\u00bb{.vc_customizer_1454059868267}\u00bb h2_css=\u00bb{.vc_customizer_1454059868268}\u00bb h3_css=\u00bb{.vc_customizer_1454059868269}\u00bb h4_css=\u00bb{.vc_customizer_1454059868270}\u00bb h5_css=\u00bb{.vc_customizer_1454059868271}\u00bb h6_css=\u00bb{.vc_customizer_1454059868271}\u00bb p_css=\u00bb{.vc_customizer_1454059868272}\u00bb link_css=\u00bb{.vc_customizer_1454059868272}\u00bb list_css=\u00bb{.vc_customizer_1454059868273}font-family:25 px;font-size:25px;\u00bb] Ayudan a prevenir el paladar hendido Fomentan el desarrollo adecuado del<\/p>\n","protected":false},"author":3,"featured_media":0,"parent":0,"menu_order":0,"comment_status":"closed","ping_status":"closed","template":"","meta":[],"yoast_head":"<!-- This site is optimized with the Yoast SEO plugin v19.9 - https:\/\/yoast.com\/wordpress\/plugins\/seo\/ -->\n<title>\u00bfPor qu\u00e9 son importantes los Folatos para el embarazo?<\/title>\n<meta name=\"description\" content=\"FolicPlus\u00ae\u00a0proporciona folatos en su forma activa por lo que puede ser muy \u00fatil antes de la concepci\u00f3n de un ni\u00f1o, as\u00ed como durante el embarazo y lactancia\" \/>\n<meta name=\"robots\" content=\"index, follow, max-snippet:-1, max-image-preview:large, max-video-preview:-1\" \/>\n<link rel=\"canonical\" href=\"https:\/\/folicplus.rs\/es\/por-que-son-importantes-los-folatos-para-el-embarazo\/\" \/>\n<meta property=\"og:locale\" content=\"es_ES\" \/>\n<meta property=\"og:type\" content=\"article\" \/>\n<meta property=\"og:title\" content=\"\u00bfPor qu\u00e9 son importantes los Folatos para el embarazo?\" \/>\n<meta property=\"og:description\" content=\"FolicPlus\u00ae\u00a0proporciona folatos en su forma activa por lo que puede ser muy \u00fatil antes de la concepci\u00f3n de un ni\u00f1o, as\u00ed como durante el embarazo y lactancia\" \/>\n<meta property=\"og:url\" content=\"https:\/\/folicplus.rs\/es\/por-que-son-importantes-los-folatos-para-el-embarazo\/\" \/>\n<meta property=\"og:site_name\" content=\"Folicplus+\" \/>\n<meta property=\"article:modified_time\" content=\"2016-02-08T10:24:38+00:00\" \/>\n<meta name=\"twitter:card\" content=\"summary_large_image\" \/>\n<meta name=\"twitter:label1\" content=\"Tiempo de lectura\" \/>\n\t<meta name=\"twitter:data1\" content=\"6 minutos\" \/>\n<script type=\"application\/ld+json\" class=\"yoast-schema-graph\">{\"@context\":\"https:\/\/schema.org\",\"@graph\":[{\"@type\":\"WebPage\",\"@id\":\"https:\/\/folicplus.rs\/es\/por-que-son-importantes-los-folatos-para-el-embarazo\/\",\"url\":\"https:\/\/folicplus.rs\/es\/por-que-son-importantes-los-folatos-para-el-embarazo\/\",\"name\":\"\u00bfPor qu\u00e9 son importantes los Folatos para el embarazo?\",\"isPartOf\":{\"@id\":\"https:\/\/folicplus.rs\/#website\"},\"datePublished\":\"2016-01-29T09:06:48+00:00\",\"dateModified\":\"2016-02-08T10:24:38+00:00\",\"description\":\"FolicPlus\u00ae\u00a0proporciona folatos en su forma activa por lo que puede ser muy \u00fatil antes de la concepci\u00f3n de un ni\u00f1o, as\u00ed como durante el embarazo y lactancia\",\"breadcrumb\":{\"@id\":\"https:\/\/folicplus.rs\/es\/por-que-son-importantes-los-folatos-para-el-embarazo\/#breadcrumb\"},\"inLanguage\":\"es\",\"potentialAction\":[{\"@type\":\"ReadAction\",\"target\":[\"https:\/\/folicplus.rs\/es\/por-que-son-importantes-los-folatos-para-el-embarazo\/\"]}]},{\"@type\":\"BreadcrumbList\",\"@id\":\"https:\/\/folicplus.rs\/es\/por-que-son-importantes-los-folatos-para-el-embarazo\/#breadcrumb\",\"itemListElement\":[{\"@type\":\"ListItem\",\"position\":1,\"name\":\"Home\",\"item\":\"https:\/\/folicplus.rs\/es\/\"},{\"@type\":\"ListItem\",\"position\":2,\"name\":\"\u00bfPor qu\u00e9 son importantes los Folatos para el embarazo?\"}]},{\"@type\":\"WebSite\",\"@id\":\"https:\/\/folicplus.rs\/#website\",\"url\":\"https:\/\/folicplus.rs\/\",\"name\":\"Folicplus+\",\"description\":\"Aktivni folat\",\"potentialAction\":[{\"@type\":\"SearchAction\",\"target\":{\"@type\":\"EntryPoint\",\"urlTemplate\":\"https:\/\/folicplus.rs\/?s={search_term_string}\"},\"query-input\":\"required name=search_term_string\"}],\"inLanguage\":\"es\"}]}<\/script>\n<!-- \/ Yoast SEO plugin. -->","yoast_head_json":{"title":"\u00bfPor qu\u00e9 son importantes los Folatos para el embarazo?","description":"FolicPlus\u00ae\u00a0proporciona folatos en su forma activa por lo que puede ser muy \u00fatil antes de la concepci\u00f3n de un ni\u00f1o, as\u00ed como durante el embarazo y lactancia","robots":{"index":"index","follow":"follow","max-snippet":"max-snippet:-1","max-image-preview":"max-image-preview:large","max-video-preview":"max-video-preview:-1"},"canonical":"https:\/\/folicplus.rs\/es\/por-que-son-importantes-los-folatos-para-el-embarazo\/","og_locale":"es_ES","og_type":"article","og_title":"\u00bfPor qu\u00e9 son importantes los Folatos para el embarazo?","og_description":"FolicPlus\u00ae\u00a0proporciona folatos en su forma activa por lo que puede ser muy \u00fatil antes de la concepci\u00f3n de un ni\u00f1o, as\u00ed como durante el embarazo y lactancia","og_url":"https:\/\/folicplus.rs\/es\/por-que-son-importantes-los-folatos-para-el-embarazo\/","og_site_name":"Folicplus+","article_modified_time":"2016-02-08T10:24:38+00:00","twitter_card":"summary_large_image","twitter_misc":{"Tiempo de lectura":"6 minutos"},"schema":{"@context":"https:\/\/schema.org","@graph":[{"@type":"WebPage","@id":"https:\/\/folicplus.rs\/es\/por-que-son-importantes-los-folatos-para-el-embarazo\/","url":"https:\/\/folicplus.rs\/es\/por-que-son-importantes-los-folatos-para-el-embarazo\/","name":"\u00bfPor qu\u00e9 son importantes los Folatos para el embarazo?","isPartOf":{"@id":"https:\/\/folicplus.rs\/#website"},"datePublished":"2016-01-29T09:06:48+00:00","dateModified":"2016-02-08T10:24:38+00:00","description":"FolicPlus\u00ae\u00a0proporciona folatos en su forma activa por lo que puede ser muy \u00fatil antes de la concepci\u00f3n de un ni\u00f1o, as\u00ed como durante el embarazo y lactancia","breadcrumb":{"@id":"https:\/\/folicplus.rs\/es\/por-que-son-importantes-los-folatos-para-el-embarazo\/#breadcrumb"},"inLanguage":"es","potentialAction":[{"@type":"ReadAction","target":["https:\/\/folicplus.rs\/es\/por-que-son-importantes-los-folatos-para-el-embarazo\/"]}]},{"@type":"BreadcrumbList","@id":"https:\/\/folicplus.rs\/es\/por-que-son-importantes-los-folatos-para-el-embarazo\/#breadcrumb","itemListElement":[{"@type":"ListItem","position":1,"name":"Home","item":"https:\/\/folicplus.rs\/es\/"},{"@type":"ListItem","position":2,"name":"\u00bfPor qu\u00e9 son importantes los Folatos para el embarazo?"}]},{"@type":"WebSite","@id":"https:\/\/folicplus.rs\/#website","url":"https:\/\/folicplus.rs\/","name":"Folicplus+","description":"Aktivni folat","potentialAction":[{"@type":"SearchAction","target":{"@type":"EntryPoint","urlTemplate":"https:\/\/folicplus.rs\/?s={search_term_string}"},"query-input":"required name=search_term_string"}],"inLanguage":"es"}]}},"_links":{"self":[{"href":"https:\/\/folicplus.rs\/es\/wp-json\/wp\/v2\/pages\/7540"}],"collection":[{"href":"https:\/\/folicplus.rs\/es\/wp-json\/wp\/v2\/pages"}],"about":[{"href":"https:\/\/folicplus.rs\/es\/wp-json\/wp\/v2\/types\/page"}],"author":[{"embeddable":true,"href":"https:\/\/folicplus.rs\/es\/wp-json\/wp\/v2\/users\/3"}],"replies":[{"embeddable":true,"href":"https:\/\/folicplus.rs\/es\/wp-json\/wp\/v2\/comments?post=7540"}],"version-history":[{"count":8,"href":"https:\/\/folicplus.rs\/es\/wp-json\/wp\/v2\/pages\/7540\/revisions"}],"predecessor-version":[{"id":7628,"href":"https:\/\/folicplus.rs\/es\/wp-json\/wp\/v2\/pages\/7540\/revisions\/7628"}],"wp:attachment":[{"href":"https:\/\/folicplus.rs\/es\/wp-json\/wp\/v2\/media?parent=7540"}],"curies":[{"name":"wp","href":"https:\/\/api.w.org\/{rel}","templated":true}]}}