{"id":7562,"date":"2016-01-29T12:36:20","date_gmt":"2016-01-29T12:36:20","guid":{"rendered":"http:\/\/folicplus.rs\/es\/contact\/"},"modified":"2016-02-08T10:16:41","modified_gmt":"2016-02-08T10:16:41","slug":"contacto","status":"publish","type":"page","link":"https:\/\/folicplus.rs\/es\/contacto\/","title":{"rendered":"Contacto"},"content":{"rendered":"<p>[vc_row bg_type=\u00bbno_bg\u00bb row_custom_id=\u00bbstm_google_map\u00bb row_width_style=\u00bbfull_width\u00bb css=\u00bb.vc_custom_1408346650900{margin-top: 0px !important;padding-top: 0px !important;padding-bottom: 0px !important;}\u00bb animation_type=\u00bbh\u00bb horizontal_animation=\u00bbleft-animation\u00bb vertical_animation=\u00bbtop-animation\u00bb disable_on_mobile=\u00bbdisable_on_mobile_value\u00bb el_class=\u00bbadaptive_block_2&#8243;][vc_column]<div id='wrap_map_69f626b565896' class='ultimate-map-wrapper ' style='height:780px;'><div id='map_69f626b565896' data-map_override='full' class='ultimate_google_map wpb_content_element ' style='width:100%;height:780px;'><\/div><\/div><script type='text\/javascript'>\n\t\t\t(function($) {\n  \t\t\t'use strict';\n\t\t\tvar map_map_69f626b565896 = null;\n\t\t\tvar coordinate_map_69f626b565896;\n\t\t\tvar isDraggable = $(document).width() > 641 ? true : true;\n\t\t\ttry\n\t\t\t{\t\t\t\n\t\t\t\tvar map_map_69f626b565896 = null;\n\t\t\t\tvar coordinate_map_69f626b565896;\n\t\t\t\tcoordinate_map_69f626b565896=new google.maps.LatLng(44.824290, 20.483658);\n\t\t\t\tvar mapOptions= \n\t\t\t\t{\n\t\t\t\t\tzoom: 12,\n\t\t\t\t\tcenter: coordinate_map_69f626b565896,\n\t\t\t\t\tscaleControl: true,\n\t\t\t\t\tstreetViewControl: false,\n\t\t\t\t\tmapTypeControl: false,\n\t\t\t\t\tpanControl: false,\n\t\t\t\t\tzoomControl: false,\n\t\t\t\t\tscrollwheel: false,\n\t\t\t\t\tdraggable: isDraggable,\n\t\t\t\t\tzoomControlOptions: {\n\t\t\t\t\t  style: google.maps.ZoomControlStyle.SMALL\n\t\t\t\t\t}, mapTypeControlOptions: {\n\t\t\t\t\t  \t\tmapTypeIds: [google.maps.MapTypeId.ROADMAP, 'map_style']\n\t\t\t\t\t\t}};var styles = [{\"stylers\":[{\"hue\":\"#0b9444\"}]},{\"featureType\":\"road\",\"elementType\":\"labels\",\"stylers\":[{\"visibility\":\"off\"}]},{\"featureType\":\"road\",\"elementType\":\"geometry\",\"stylers\":[{\"lightness\":100},{\"visibility\":\"simplified\"}]}];\n\t\t\t\t\t\tvar styledMap = new google.maps.StyledMapType(styles,\n\t\t\t\t\t    \t{name: \"Styled Map\"});var map_map_69f626b565896 = new google.maps.Map(document.getElementById('map_69f626b565896'),mapOptions);map_map_69f626b565896.mapTypes.set('map_style', styledMap);\n \t\t\t\t\t\t\t map_map_69f626b565896.setMapTypeId('map_style');var marker_map_69f626b565896 = new google.maps.Marker({\n\t\t\t\t\t\tposition: new google.maps.LatLng(44.824290, 20.483658),\n\t\t\t\t\t\tanimation:  google.maps.Animation.DROP,\n\t\t\t\t\t\tmap: map_map_69f626b565896,\n\t\t\t\t\t\ticon: 'https:\/\/folicplus.rs\/wp-content\/uploads\/2014\/07\/map_marker2.png'\n\t\t\t\t\t});\n\t\t\t\t\tgoogle.maps.event.addListener(marker_map_69f626b565896, 'click', toggleBounce);}\n\t\t\tcatch(e){};\n\t\t\tjQuery(document).ready(function($){\n\t\t\t\tgoogle.maps.event.trigger(map_map_69f626b565896, 'resize');\n\t\t\t\t$(window).resize(function(){\n\t\t\t\t\tgoogle.maps.event.trigger(map_map_69f626b565896, 'resize');\n\t\t\t\t\tif(map_map_69f626b565896!=null)\n\t\t\t\t\t\tmap_map_69f626b565896.setCenter(coordinate_map_69f626b565896);\n\t\t\t\t});\n\t\t\t\t$('.ui-tabs').bind('tabsactivate', function(event, ui) {\n\t\t\t\t   if($(this).find('.ultimate-map-wrapper').length > 0)\n\t\t\t\t\t{\n\t\t\t\t\t\tsetTimeout(function(){\n\t\t\t\t\t\t\t$(window).trigger('resize');\n\t\t\t\t\t\t},200);\n\t\t\t\t\t}\n\t\t\t\t});\n\t\t\t\t$('.ui-accordion').bind('accordionactivate', function(event, ui) {\n\t\t\t\t   if($(this).find('.ultimate-map-wrapper').length > 0)\n\t\t\t\t\t{\n\t\t\t\t\t\tsetTimeout(function(){\n\t\t\t\t\t\t\t$(window).trigger('resize');\n\t\t\t\t\t\t},200);\n\t\t\t\t\t}\n\t\t\t\t});\n\t\t\t\t$(window).load(function(){\n\t\t\t\t\tsetTimeout(function(){\n\t\t\t\t\t\t$(window).trigger('resize');\n\t\t\t\t\t},200);\n\t\t\t\t});\n\t\t\t\t$('.ult_exp_section').select(function(){\n\t\t\t\t\tif($(map_map_69f626b565896).parents('.ult_exp_section'))\n\t\t\t\t\t{\n\t\t\t\t\t\tsetTimeout(function(){\n\t\t\t\t\t\t\t$(window).trigger('resize');\n\t\t\t\t\t\t},200);\n\t\t\t\t\t}\n\t\t\t\t});\n\t\t\t\t$(document).on('onUVCModalPopupOpen', function(){\n\t\t\t\t\tif($(map_map_69f626b565896).parents('.ult_modal-content'))\n\t\t\t\t\t{\n\t\t\t\t\t\tsetTimeout(function(){\n\t\t\t\t\t\t\t$(window).trigger('resize');\n\t\t\t\t\t\t},200);\n\t\t\t\t\t}\t\n\t\t\t\t});\n\t\t\t\t$(document).on('click','.ult_tab_li',function(){\n\t\t\t\t\t$(window).trigger('resize');\n\t\t\t\t\tsetTimeout(function(){\n\t\t\t\t\t\t$(window).trigger('resize');\n\t\t\t\t\t},200);\n\t\t\t\t});\n\t\t\t});\n\t\t\tfunction toggleBounce() {\n\t\t\t  if (marker_map_69f626b565896.getAnimation() != null) {\n\t\t\t\tmarker_map_69f626b565896.setAnimation(null);\n\t\t\t  } else {\n\t\t\t\tmarker_map_69f626b565896.setAnimation(google.maps.Animation.BOUNCE);\n\t\t\t  }\n\t\t\t}\n\t\t\t})(jQuery);\n\t\t\t<\/script>[vc_row_inner row_custom_id=\u00bbfull_width\u00bb row_overlay_color=\u00bbrgba(11,148,68,0.85)\u00bb font_color=\u00bb#ffffff\u00bb css=\u00bb.vc_custom_1453210990026{margin-top: -229px !important;}\u00bb][vc_column_inner width=\u00bb1\/3&#8243;]<div class=\"aio-icon-component   style_1\"><div class=\"aio-icon-box left-icon\" style=\"\"  ><div class=\"aio-icon-left\"><div class=\"ult-just-icon-wrapper \"><div class=\"align-icon\" style=\"text-align:center;\">\n<div class=\"aio-icon-img \" style=\"font-size:24px;display:inline-block;\" >\n\t<img class=\"img-icon\" alt=\"\" src=\"https:\/\/folicplus.rs\/wp-content\/uploads\/2014\/07\/map_icon1.png\"\/>\n<\/div><\/div><\/div><\/div><div class=\"aio-ibd-block\"><div class=\"aio-icon-header\"><h3 class=\"aio-icon-title\" style=\"color:#f2f2f2;\">AbelaPharm - FolicPlus\u00ae<\/h3><\/div> <!-- header --><div class=\"aio-icon-description\" style=\"\"><span style=\"color: #ffffff;\">Viline Vode bb, Slobodna Zona Beograd<\/span><br \/>\n<span style=\"color: #ffffff;\"> 11000, Belgrado, Serbia<\/span><\/div> <!-- description --><\/div> <!-- aio-ibd-block --><\/div> <!-- aio-icon-box --><\/div> <!-- aio-icon-component -->[\/vc_column_inner][vc_column_inner width=\u00bb1\/3&#8243;]<div class=\"aio-icon-component   style_1\"><div class=\"aio-icon-box left-icon\" style=\"\"  ><div class=\"aio-icon-left\"><div class=\"ult-just-icon-wrapper \"><div class=\"align-icon\" style=\"text-align:center;\">\n<div class=\"aio-icon-img \" style=\"font-size:24px;display:inline-block;\" >\n\t<img class=\"img-icon\" alt=\"\" src=\"https:\/\/folicplus.rs\/wp-content\/uploads\/2014\/07\/phone_icon1.png\"\/>\n<\/div><\/div><\/div><\/div><div class=\"aio-ibd-block\"><div class=\"aio-icon-header\"><h3 class=\"aio-icon-title\" style=\"color:#f2f2f2;\">Tel\u00e9fonos \/ Contacto<\/h3><\/div> <!-- header --><div class=\"aio-icon-description\" style=\"\"><span style=\"color: #ffffff;\">(011) 20 70 807;\u00a0(011) 20 70 801<\/span><\/div> <!-- description --><\/div> <!-- aio-ibd-block --><\/div> <!-- aio-icon-box --><\/div> <!-- aio-icon-component -->[\/vc_column_inner][vc_column_inner width=\u00bb1\/3&#8243;]<div class=\"aio-icon-component   style_1\"><div class=\"aio-icon-box left-icon\" style=\"\"  ><div class=\"aio-icon-left\"><div class=\"ult-just-icon-wrapper \"><div class=\"align-icon\" style=\"text-align:center;\">\n<div class=\"aio-icon-img \" style=\"font-size:24px;display:inline-block;\" >\n\t<img class=\"img-icon\" alt=\"\" src=\"https:\/\/folicplus.rs\/wp-content\/uploads\/2014\/07\/mail_icon1.png\"\/>\n<\/div><\/div><\/div><\/div><div class=\"aio-ibd-block\"><div class=\"aio-icon-header\"><h3 class=\"aio-icon-title\" style=\"color:#f2f2f2;\">Correo electr\u00f3nico \/ Contacto<\/h3><\/div> <!-- header --><div class=\"aio-icon-description\" style=\"\"><span style=\"color: #ffffff;\"><a style=\"color: #ffffff;\" href=\"mailto:kontakt@folicplus.rs\">kontakt@folicplus.rs<\/a><\/span><\/div> <!-- description --><\/div> <!-- aio-ibd-block --><\/div> <!-- aio-icon-box --><\/div> <!-- aio-icon-component -->[\/vc_column_inner][\/vc_row_inner][\/vc_column][\/vc_row][vc_row bg_type=\u00bbno_bg\u00bb row_custom_id=\u00bbstm_contact_text\u00bb animation_type=\u00bbh\u00bb horizontal_animation=\u00bbleft-animation\u00bb vertical_animation=\u00bbtop-animation\u00bb][vc_column][vc_column_text h1_css=\u00bb{.vc_customizer_1454868482307}\u00bb h2_css=\u00bb{.vc_customizer_1454868482308}\u00bb h3_css=\u00bb{.vc_customizer_1454868482309}\u00bb h4_css=\u00bb{.vc_customizer_1454868482309}\u00bb h5_css=\u00bb{.vc_customizer_1454868482310}\u00bb h6_css=\u00bb{.vc_customizer_1454868482311}\u00bb p_css=\u00bb{.vc_customizer_1454868482311}\u00bb link_css=\u00bb{.vc_customizer_1454868482312}\u00bb list_css=\u00bb{.vc_customizer_1454868482313}\u00bb]<\/p>\n<h3>\u00bfTiene alguna prgunta?\u00a0Cont\u00e1ctenos.<\/h3>\n<p>Para cualquier pregunta adicional, pedidos y comentarios, si\u00e9ntase libre de ponerse en contacto con nosotros todos los d\u00edas laborales de\u00a09AM a 5PM.<\/p>\n<p>Nuestros expertos le responder\u00e1n a la mayor brevedad posible. Ll\u00e1menos a los n\u00fameros telef\u00f3nicos antes mencionados o simplemente rellene el siguiente formulario.[\/vc_column_text][\/vc_column][\/vc_row][vc_row bg_type=\u00bbno_bg\u00bb row_custom_id=\u00bbstm_contact_form\u00bb css=\u00bb.vc_custom_1408106335339{padding-top: 0px !important;}\u00bb animation_type=\u00bbh\u00bb horizontal_animation=\u00bbleft-animation\u00bb vertical_animation=\u00bbtop-animation\u00bb disable_on_mobile=\u00bbdisable_on_mobile_value\u00bb][vc_column]<div role=\"form\" class=\"wpcf7\" id=\"wpcf7-f7566-o1\" lang=\"en-US\" dir=\"ltr\">\n<div class=\"screen-reader-response\"><p role=\"status\" aria-live=\"polite\" aria-atomic=\"true\"><\/p> <ul><\/ul><\/div>\n<form action=\"\/es\/wp-json\/wp\/v2\/pages\/7562#wpcf7-f7566-o1\" method=\"post\" class=\"wpcf7-form init\" novalidate=\"novalidate\" data-status=\"init\">\n<div style=\"display: none;\">\n<input type=\"hidden\" name=\"_wpcf7\" value=\"7566\" \/>\n<input type=\"hidden\" name=\"_wpcf7_version\" value=\"5.6.4\" \/>\n<input type=\"hidden\" name=\"_wpcf7_locale\" value=\"en_US\" \/>\n<input type=\"hidden\" name=\"_wpcf7_unit_tag\" value=\"wpcf7-f7566-o1\" \/>\n<input type=\"hidden\" name=\"_wpcf7_container_post\" value=\"0\" \/>\n<input type=\"hidden\" name=\"_wpcf7_posted_data_hash\" value=\"\" \/>\n<input type=\"hidden\" name=\"_wpcf7_recaptcha_response\" value=\"\" \/>\n<\/div>\n<table class=\"table contact_form\">\n<tbody>\n<tr>\n<td><span class=\"wpcf7-form-control-wrap\" data-name=\"name\"><input type=\"text\" name=\"name\" value=\"\" size=\"40\" class=\"wpcf7-form-control wpcf7-text wpcf7-validates-as-required form-control\" aria-required=\"true\" aria-invalid=\"false\" placeholder=\"Su nombre\" \/><\/span><\/td>\n<td rowspan=\"3\"><span class=\"wpcf7-form-control-wrap\" data-name=\"message\"><textarea name=\"message\" cols=\"40\" rows=\"10\" class=\"wpcf7-form-control wpcf7-textarea wpcf7-validates-as-required form-control\" aria-required=\"true\" aria-invalid=\"false\" placeholder=\"Mensaje\"><\/textarea><\/span><\/td>\n<\/tr>\n<tr>\n<td><span class=\"wpcf7-form-control-wrap\" data-name=\"email\"><input type=\"email\" name=\"email\" value=\"\" size=\"40\" class=\"wpcf7-form-control wpcf7-text wpcf7-email wpcf7-validates-as-required wpcf7-validates-as-email form-control\" aria-required=\"true\" aria-invalid=\"false\" placeholder=\"Su correo electr\u00f3nico\" \/><\/span><\/td>\n<\/tr>\n<tr>\n<td><span class=\"wpcf7-form-control-wrap\" data-name=\"subject\"><input type=\"text\" name=\"subject\" value=\"\" size=\"40\" class=\"wpcf7-form-control wpcf7-text wpcf7-validates-as-required form-control\" aria-required=\"true\" aria-invalid=\"false\" placeholder=\"Asunto\" \/><\/span><\/td>\n<\/tr>\n<tr>\n<td><span class=\"wpcf7-form-control-wrap\" data-name=\"checkbox-86\"><span class=\"wpcf7-form-control wpcf7-checkbox wpcf7-validates-as-required\"><span class=\"wpcf7-list-item first last\"><input type=\"checkbox\" name=\"checkbox-86[]\" value=\"Acepto las pol\u00edticas de privacidad\" \/><span class=\"wpcf7-list-item-label\">Acepto las pol\u00edticas de privacidad<\/span><\/span><\/span><\/span><\/td>\n<\/tr>\n<tr>\n<td style=\"text-align: center;\" colspan=\"2\"><input type=\"submit\" value=\"Enviar\" class=\"wpcf7-form-control has-spinner wpcf7-submit btn btn-danger\" \/><\/td>\n<\/tr>\n<\/tbody>\n<\/table>\n<p><a target=\"_blank\" style=\"text-decoration: underline;\" href=\"https:\/\/folicplus.rs\/en\/privacy-policy\/\">Privacy Policy<\/a><\/p>\n<p style=\"display: none !important;\" class=\"akismet-fields-container\" data-prefix=\"_wpcf7_ak_\"><label>&#916;<textarea name=\"_wpcf7_ak_hp_textarea\" cols=\"45\" rows=\"8\" maxlength=\"100\"><\/textarea><\/label><input type=\"hidden\" id=\"ak_js_1\" name=\"_wpcf7_ak_js\" value=\"65\"\/><script>document.getElementById( \"ak_js_1\" ).setAttribute( \"value\", ( new Date() ).getTime() );<\/script><\/p><div class=\"wpcf7-response-output\" aria-hidden=\"true\"><\/div><\/form><\/div>[\/vc_column][\/vc_row]<\/p>\n","protected":false},"excerpt":{"rendered":"<p>[vc_row bg_type=\u00bbno_bg\u00bb row_custom_id=\u00bbstm_google_map\u00bb row_width_style=\u00bbfull_width\u00bb css=\u00bb.vc_custom_1408346650900{margin-top: 0px !important;padding-top: 0px !important;padding-bottom: 0px !important;}\u00bb animation_type=\u00bbh\u00bb horizontal_animation=\u00bbleft-animation\u00bb vertical_animation=\u00bbtop-animation\u00bb disable_on_mobile=\u00bbdisable_on_mobile_value\u00bb el_class=\u00bbadaptive_block_2&#8243;][vc_column][vc_row_inner row_custom_id=\u00bbfull_width\u00bb row_overlay_color=\u00bbrgba(11,148,68,0.85)\u00bb font_color=\u00bb#ffffff\u00bb css=\u00bb.vc_custom_1453210990026{margin-top: -229px !important;}\u00bb][vc_column_inner width=\u00bb1\/3&#8243;][\/vc_column_inner][vc_column_inner width=\u00bb1\/3&#8243;][\/vc_column_inner][vc_column_inner width=\u00bb1\/3&#8243;][\/vc_column_inner][\/vc_row_inner][\/vc_column][\/vc_row][vc_row bg_type=\u00bbno_bg\u00bb row_custom_id=\u00bbstm_contact_text\u00bb animation_type=\u00bbh\u00bb horizontal_animation=\u00bbleft-animation\u00bb vertical_animation=\u00bbtop-animation\u00bb][vc_column][vc_column_text h1_css=\u00bb{.vc_customizer_1454868482307}\u00bb h2_css=\u00bb{.vc_customizer_1454868482308}\u00bb h3_css=\u00bb{.vc_customizer_1454868482309}\u00bb h4_css=\u00bb{.vc_customizer_1454868482309}\u00bb h5_css=\u00bb{.vc_customizer_1454868482310}\u00bb h6_css=\u00bb{.vc_customizer_1454868482311}\u00bb p_css=\u00bb{.vc_customizer_1454868482311}\u00bb link_css=\u00bb{.vc_customizer_1454868482312}\u00bb list_css=\u00bb{.vc_customizer_1454868482313}\u00bb] \u00bfTiene alguna prgunta?\u00a0Cont\u00e1ctenos. Para cualquier pregunta adicional, pedidos y comentarios, si\u00e9ntase libre de ponerse en contacto<\/p>\n","protected":false},"author":3,"featured_media":0,"parent":0,"menu_order":0,"comment_status":"open","ping_status":"open","template":"","meta":[],"yoast_head":"<!-- This site is optimized with the Yoast SEO plugin v19.9 - https:\/\/yoast.com\/wordpress\/plugins\/seo\/ -->\n<title>Contacto \/ Preguntas \u2013 FolicPlus - \u00c1cido F\u00f3lico - Folatos<\/title>\n<meta name=\"description\" content=\"Contacto: Para cualquier pregunta adicional, pedidos y comentarios, si\u00e9ntase libre de ponerse en contacto con nosotros todos los d\u00edas laborales de\u00a09AM a 5PM\" \/>\n<meta name=\"robots\" content=\"index, follow, max-snippet:-1, max-image-preview:large, max-video-preview:-1\" \/>\n<link rel=\"canonical\" href=\"https:\/\/folicplus.rs\/es\/contacto\/\" \/>\n<meta property=\"og:locale\" content=\"es_ES\" \/>\n<meta property=\"og:type\" content=\"article\" \/>\n<meta property=\"og:title\" content=\"Contacto \/ Preguntas \u2013 FolicPlus - \u00c1cido F\u00f3lico - Folatos\" \/>\n<meta property=\"og:description\" content=\"Contacto: Para cualquier pregunta adicional, pedidos y comentarios, si\u00e9ntase libre de ponerse en contacto con nosotros todos los d\u00edas laborales de\u00a09AM a 5PM\" \/>\n<meta property=\"og:url\" content=\"https:\/\/folicplus.rs\/es\/contacto\/\" \/>\n<meta property=\"og:site_name\" content=\"Folicplus+\" \/>\n<meta property=\"article:modified_time\" content=\"2016-02-08T10:16:41+00:00\" \/>\n<meta name=\"twitter:card\" content=\"summary_large_image\" \/>\n<meta name=\"twitter:label1\" content=\"Tiempo de lectura\" \/>\n\t<meta name=\"twitter:data1\" content=\"2 minutos\" \/>\n<script type=\"application\/ld+json\" class=\"yoast-schema-graph\">{\"@context\":\"https:\/\/schema.org\",\"@graph\":[{\"@type\":\"WebPage\",\"@id\":\"https:\/\/folicplus.rs\/es\/contacto\/\",\"url\":\"https:\/\/folicplus.rs\/es\/contacto\/\",\"name\":\"Contacto \/ Preguntas \u2013 FolicPlus - \u00c1cido F\u00f3lico - Folatos\",\"isPartOf\":{\"@id\":\"https:\/\/folicplus.rs\/#website\"},\"datePublished\":\"2016-01-29T12:36:20+00:00\",\"dateModified\":\"2016-02-08T10:16:41+00:00\",\"description\":\"Contacto: Para cualquier pregunta adicional, pedidos y comentarios, si\u00e9ntase libre de ponerse en contacto con nosotros todos los d\u00edas laborales de\u00a09AM a 5PM\",\"breadcrumb\":{\"@id\":\"https:\/\/folicplus.rs\/es\/contacto\/#breadcrumb\"},\"inLanguage\":\"es\",\"potentialAction\":[{\"@type\":\"ReadAction\",\"target\":[\"https:\/\/folicplus.rs\/es\/contacto\/\"]}]},{\"@type\":\"BreadcrumbList\",\"@id\":\"https:\/\/folicplus.rs\/es\/contacto\/#breadcrumb\",\"itemListElement\":[{\"@type\":\"ListItem\",\"position\":1,\"name\":\"Home\",\"item\":\"https:\/\/folicplus.rs\/es\/\"},{\"@type\":\"ListItem\",\"position\":2,\"name\":\"Contacto\"}]},{\"@type\":\"WebSite\",\"@id\":\"https:\/\/folicplus.rs\/#website\",\"url\":\"https:\/\/folicplus.rs\/\",\"name\":\"Folicplus+\",\"description\":\"Aktivni folat\",\"potentialAction\":[{\"@type\":\"SearchAction\",\"target\":{\"@type\":\"EntryPoint\",\"urlTemplate\":\"https:\/\/folicplus.rs\/?s={search_term_string}\"},\"query-input\":\"required name=search_term_string\"}],\"inLanguage\":\"es\"}]}<\/script>\n<!-- \/ Yoast SEO plugin. -->","yoast_head_json":{"title":"Contacto \/ Preguntas \u2013 FolicPlus - \u00c1cido F\u00f3lico - Folatos","description":"Contacto: Para cualquier pregunta adicional, pedidos y comentarios, si\u00e9ntase libre de ponerse en contacto con nosotros todos los d\u00edas laborales de\u00a09AM a 5PM","robots":{"index":"index","follow":"follow","max-snippet":"max-snippet:-1","max-image-preview":"max-image-preview:large","max-video-preview":"max-video-preview:-1"},"canonical":"https:\/\/folicplus.rs\/es\/contacto\/","og_locale":"es_ES","og_type":"article","og_title":"Contacto \/ Preguntas \u2013 FolicPlus - \u00c1cido F\u00f3lico - Folatos","og_description":"Contacto: Para cualquier pregunta adicional, pedidos y comentarios, si\u00e9ntase libre de ponerse en contacto con nosotros todos los d\u00edas laborales de\u00a09AM a 5PM","og_url":"https:\/\/folicplus.rs\/es\/contacto\/","og_site_name":"Folicplus+","article_modified_time":"2016-02-08T10:16:41+00:00","twitter_card":"summary_large_image","twitter_misc":{"Tiempo de lectura":"2 minutos"},"schema":{"@context":"https:\/\/schema.org","@graph":[{"@type":"WebPage","@id":"https:\/\/folicplus.rs\/es\/contacto\/","url":"https:\/\/folicplus.rs\/es\/contacto\/","name":"Contacto \/ Preguntas \u2013 FolicPlus - \u00c1cido F\u00f3lico - Folatos","isPartOf":{"@id":"https:\/\/folicplus.rs\/#website"},"datePublished":"2016-01-29T12:36:20+00:00","dateModified":"2016-02-08T10:16:41+00:00","description":"Contacto: Para cualquier pregunta adicional, pedidos y comentarios, si\u00e9ntase libre de ponerse en contacto con nosotros todos los d\u00edas laborales de\u00a09AM a 5PM","breadcrumb":{"@id":"https:\/\/folicplus.rs\/es\/contacto\/#breadcrumb"},"inLanguage":"es","potentialAction":[{"@type":"ReadAction","target":["https:\/\/folicplus.rs\/es\/contacto\/"]}]},{"@type":"BreadcrumbList","@id":"https:\/\/folicplus.rs\/es\/contacto\/#breadcrumb","itemListElement":[{"@type":"ListItem","position":1,"name":"Home","item":"https:\/\/folicplus.rs\/es\/"},{"@type":"ListItem","position":2,"name":"Contacto"}]},{"@type":"WebSite","@id":"https:\/\/folicplus.rs\/#website","url":"https:\/\/folicplus.rs\/","name":"Folicplus+","description":"Aktivni folat","potentialAction":[{"@type":"SearchAction","target":{"@type":"EntryPoint","urlTemplate":"https:\/\/folicplus.rs\/?s={search_term_string}"},"query-input":"required name=search_term_string"}],"inLanguage":"es"}]}},"_links":{"self":[{"href":"https:\/\/folicplus.rs\/es\/wp-json\/wp\/v2\/pages\/7562"}],"collection":[{"href":"https:\/\/folicplus.rs\/es\/wp-json\/wp\/v2\/pages"}],"about":[{"href":"https:\/\/folicplus.rs\/es\/wp-json\/wp\/v2\/types\/page"}],"author":[{"embeddable":true,"href":"https:\/\/folicplus.rs\/es\/wp-json\/wp\/v2\/users\/3"}],"replies":[{"embeddable":true,"href":"https:\/\/folicplus.rs\/es\/wp-json\/wp\/v2\/comments?post=7562"}],"version-history":[{"count":4,"href":"https:\/\/folicplus.rs\/es\/wp-json\/wp\/v2\/pages\/7562\/revisions"}],"predecessor-version":[{"id":7567,"href":"https:\/\/folicplus.rs\/es\/wp-json\/wp\/v2\/pages\/7562\/revisions\/7567"}],"wp:attachment":[{"href":"https:\/\/folicplus.rs\/es\/wp-json\/wp\/v2\/media?parent=7562"}],"curies":[{"name":"wp","href":"https:\/\/api.w.org\/{rel}","templated":true}]}}